{"id":7,"date":"2016-11-23T12:47:37","date_gmt":"2016-11-23T11:47:37","guid":{"rendered":"http:\/\/www.marcopolosushi.at\/?page_id=7"},"modified":"2025-02-16T14:33:42","modified_gmt":"2025-02-16T13:33:42","slug":"home","status":"publish","type":"page","link":"https:\/\/www.marcopolosushi.at\/","title":{"rendered":"\u00dcber uns"},"content":{"rendered":"<p>Erleben Sie Sushi in einer neuen Dimension. Nehmen Sie Platz neben den beiden doppelst\u00f6ckigen Laufb\u00e4ndern und genie\u00dfen die stets frisch zubereiteten Sushi H\u00e4ppchen.<\/p>\n<p>Oder w\u00e4hlen Sie das umfangreiche asiatische warme Buffet. Selbstverst\u00e4ndlich haben Sie auch die Wahl ausgesuchte Sushi Spezialit\u00e4ten aus unserer Speisenkarte in vielen Kombinationen zu w\u00e4hlen.<\/p>\n<p>Was Sie auch w\u00e4hlen. Genie\u00dfen Sie Sushi und asiatische Spezialit\u00e4ten. Wir freuen uns auf Ihren Besuch und w\u00fcnschen Ihnen einen angenehmen Aufenthalt.<\/p>\n<h1>Anfahrt<\/h1>\n<p>\u00d6ffentlich mit U4, U3, S-Bahn: Station Landstra\u00dfe \/ Wien Mitte<\/p>\n\n\t\t<div id=\"intergeo_mapQN4ATM\" class=\"intergeo_map_canvas\" style=\"width:100%;height:300px;width:100%;height:300px;\"><\/div>\n\t\t<script type=\"text\/javascript\">\n\t\t\t\/* <![CDATA[ *\/\n\t\t\tif (!window.intergeo_maps) window.intergeo_maps = [];\n\t\t\twindow.intergeo_maps.push( { container: 'intergeo_mapQN4ATM', options: {\"lat\":48.2056229,\"lng\":16.3845212,\"zoom\":16,\"map\":{\"mapTypeControl\":false,\"streetViewControl\":false,\"rotateControl\":false},\"overlays\":{\"marker\":[{\"position\":[\"48.205623\",\"16.384521\"],\"icon\":false,\"info\":\"\",\"title\":\"\",\"loc\":\"Landstra\\u00dfer Hauptstra\\u00dfe 2A, Vienna, Austria\"}]}} } );\n\t\t\tif (!window.intergeo_maps_current) window.intergeo_maps_current = null;\n\t\t\t\/* ]]> *\/\n\t\t<\/script>\n\t\t\n","protected":false},"excerpt":{"rendered":"<p>Erleben Sie Sushi in einer neuen Dimension. Nehmen Sie Platz neben den beiden doppelst\u00f6ckigen Laufb\u00e4ndern und genie\u00dfen die stets frisch zubereiteten Sushi H\u00e4ppchen. Oder w\u00e4hlen Sie das umfangreiche asiatische warme Buffet. Selbstverst\u00e4ndlich haben Sie auch die Wahl ausgesuchte Sushi Spezialit\u00e4ten aus unserer Speisenkarte in vielen Kombinationen zu w\u00e4hlen. Was Sie auch w\u00e4hlen. Genie\u00dfen Sie Sushi [&hellip;]<\/p>\n","protected":false},"author":1,"featured_media":0,"parent":0,"menu_order":1,"comment_status":"closed","ping_status":"closed","template":"","meta":{"inline_featured_image":false,"footnotes":""},"class_list":["post-7","page","type-page","status-publish","hentry"],"_links":{"self":[{"href":"https:\/\/www.marcopolosushi.at\/index.php?rest_route=\/wp\/v2\/pages\/7","targetHints":{"allow":["GET"]}}],"collection":[{"href":"https:\/\/www.marcopolosushi.at\/index.php?rest_route=\/wp\/v2\/pages"}],"about":[{"href":"https:\/\/www.marcopolosushi.at\/index.php?rest_route=\/wp\/v2\/types\/page"}],"author":[{"embeddable":true,"href":"https:\/\/www.marcopolosushi.at\/index.php?rest_route=\/wp\/v2\/users\/1"}],"replies":[{"embeddable":true,"href":"https:\/\/www.marcopolosushi.at\/index.php?rest_route=%2Fwp%2Fv2%2Fcomments&post=7"}],"version-history":[{"count":13,"href":"https:\/\/www.marcopolosushi.at\/index.php?rest_route=\/wp\/v2\/pages\/7\/revisions"}],"predecessor-version":[{"id":1525,"href":"https:\/\/www.marcopolosushi.at\/index.php?rest_route=\/wp\/v2\/pages\/7\/revisions\/1525"}],"wp:attachment":[{"href":"https:\/\/www.marcopolosushi.at\/index.php?rest_route=%2Fwp%2Fv2%2Fmedia&parent=7"}],"curies":[{"name":"wp","href":"https:\/\/api.w.org\/{rel}","templated":true}]}}